{"id":56,"date":"2020-06-23T11:41:21","date_gmt":"2020-06-23T11:41:21","guid":{"rendered":"https:\/\/jupiterx.artbees.net\/accountant\/?page_id=56"},"modified":"2023-12-25T22:28:52","modified_gmt":"2023-12-25T19:28:52","slug":"about","status":"publish","type":"page","link":"https:\/\/asmtanriverdi.com\/index.php\/about\/","title":{"rendered":"Hakk\u0131m\u0131zda"},"content":{"rendered":"\t\t<div data-elementor-type=\"wp-page\" data-elementor-id=\"56\" class=\"elementor elementor-56\">\n\t\t\t\t\t\t\t\t\t<section class=\"elementor-section elementor-top-section elementor-element elementor-element-bdf22e8 elementor-section-boxed elementor-section-height-default elementor-section-height-default\" data-id=\"bdf22e8\" data-element_type=\"section\" data-settings=\"{&quot;jet_parallax_layout_list&quot;:[{&quot;jet_parallax_layout_image&quot;:{&quot;url&quot;:&quot;&quot;,&quot;id&quot;:&quot;&quot;},&quot;_id&quot;:&quot;bd17729&quot;,&quot;jet_parallax_layout_speed&quot;:{&quot;unit&quot;:&quot;%&quot;,&quot;size&quot;:&quot;50&quot;,&quot;sizes&quot;:[]},&quot;jet_parallax_layout_bg_x&quot;:&quot;50&quot;,&quot;jet_parallax_layout_bg_y&quot;:&quot;50&quot;,&quot;jet_parallax_layout_image_tablet&quot;:{&quot;url&quot;:&quot;&quot;,&quot;id&quot;:&quot;&quot;},&quot;jet_parallax_layout_image_mobile&quot;:{&quot;url&quot;:&quot;&quot;,&quot;id&quot;:&quot;&quot;},&quot;jet_parallax_layout_type&quot;:&quot;scroll&quot;,&quot;jet_parallax_layout_direction&quot;:null,&quot;jet_parallax_layout_fx_direction&quot;:null,&quot;jet_parallax_layout_z_index&quot;:&quot;&quot;,&quot;jet_parallax_layout_bg_x_tablet&quot;:&quot;&quot;,&quot;jet_parallax_layout_bg_x_mobile&quot;:&quot;&quot;,&quot;jet_parallax_layout_bg_y_tablet&quot;:&quot;&quot;,&quot;jet_parallax_layout_bg_y_mobile&quot;:&quot;&quot;,&quot;jet_parallax_layout_bg_size&quot;:&quot;auto&quot;,&quot;jet_parallax_layout_bg_size_tablet&quot;:&quot;&quot;,&quot;jet_parallax_layout_bg_size_mobile&quot;:&quot;&quot;,&quot;jet_parallax_layout_animation_prop&quot;:&quot;transform&quot;,&quot;jet_parallax_layout_on&quot;:[&quot;desktop&quot;,&quot;tablet&quot;]}],&quot;background_background&quot;:&quot;classic&quot;}\">\n\t\t\t\t\t\t\t<div class=\"elementor-background-overlay\"><\/div>\n\t\t\t\t\t\t\t<div class=\"elementor-container elementor-column-gap-no\">\n\t\t\t\t\t<div class=\"elementor-column elementor-col-100 elementor-top-column elementor-element elementor-element-6147b0c\" data-id=\"6147b0c\" data-element_type=\"column\">\n\t\t\t<div class=\"elementor-widget-wrap elementor-element-populated\">\n\t\t\t\t\t\t\t\t<div class=\"elementor-element elementor-element-a836be5 elementor-widget elementor-widget-heading\" data-id=\"a836be5\" data-element_type=\"widget\" data-widget_type=\"heading.default\">\n\t\t\t\t<div class=\"elementor-widget-container\">\n\t\t\t<style>\/*! elementor - v3.7.8 - 02-10-2022 *\/\n.elementor-heading-title{padding:0;margin:0;line-height:1}.elementor-widget-heading .elementor-heading-title[class*=elementor-size-]>a{color:inherit;font-size:inherit;line-height:inherit}.elementor-widget-heading .elementor-heading-title.elementor-size-small{font-size:15px}.elementor-widget-heading .elementor-heading-title.elementor-size-medium{font-size:19px}.elementor-widget-heading .elementor-heading-title.elementor-size-large{font-size:29px}.elementor-widget-heading .elementor-heading-title.elementor-size-xl{font-size:39px}.elementor-widget-heading .elementor-heading-title.elementor-size-xxl{font-size:59px}<\/style><h1 class=\"elementor-heading-title elementor-size-default\">Hakk\u0131m\u0131zda<\/h1>\t\t<\/div>\n\t\t\t\t<\/div>\n\t\t\t\t\t<\/div>\n\t\t<\/div>\n\t\t\t\t\t\t\t<\/div>\n\t\t<\/section>\n\t\t\t\t<section class=\"elementor-section elementor-top-section elementor-element elementor-element-0e290df elementor-section-boxed elementor-section-height-default elementor-section-height-default\" data-id=\"0e290df\" data-element_type=\"section\" data-settings=\"{&quot;jet_parallax_layout_list&quot;:[{&quot;jet_parallax_layout_image&quot;:{&quot;url&quot;:&quot;&quot;,&quot;id&quot;:&quot;&quot;},&quot;_id&quot;:&quot;36d67d3&quot;,&quot;jet_parallax_layout_speed&quot;:{&quot;unit&quot;:&quot;%&quot;,&quot;size&quot;:&quot;50&quot;,&quot;sizes&quot;:[]},&quot;jet_parallax_layout_bg_x&quot;:&quot;50&quot;,&quot;jet_parallax_layout_bg_y&quot;:&quot;50&quot;,&quot;jet_parallax_layout_image_tablet&quot;:{&quot;url&quot;:&quot;&quot;,&quot;id&quot;:&quot;&quot;},&quot;jet_parallax_layout_image_mobile&quot;:{&quot;url&quot;:&quot;&quot;,&quot;id&quot;:&quot;&quot;},&quot;jet_parallax_layout_type&quot;:&quot;scroll&quot;,&quot;jet_parallax_layout_direction&quot;:null,&quot;jet_parallax_layout_fx_direction&quot;:null,&quot;jet_parallax_layout_z_index&quot;:&quot;&quot;,&quot;jet_parallax_layout_bg_x_tablet&quot;:&quot;&quot;,&quot;jet_parallax_layout_bg_x_mobile&quot;:&quot;&quot;,&quot;jet_parallax_layout_bg_y_tablet&quot;:&quot;&quot;,&quot;jet_parallax_layout_bg_y_mobile&quot;:&quot;&quot;,&quot;jet_parallax_layout_bg_size&quot;:&quot;auto&quot;,&quot;jet_parallax_layout_bg_size_tablet&quot;:&quot;&quot;,&quot;jet_parallax_layout_bg_size_mobile&quot;:&quot;&quot;,&quot;jet_parallax_layout_animation_prop&quot;:&quot;transform&quot;,&quot;jet_parallax_layout_on&quot;:[&quot;desktop&quot;,&quot;tablet&quot;]}],&quot;background_background&quot;:&quot;classic&quot;}\">\n\t\t\t\t\t\t<div class=\"elementor-container elementor-column-gap-no\">\n\t\t\t\t\t<div class=\"elementor-column elementor-col-50 elementor-top-column elementor-element elementor-element-1cc327d elementor-invisible\" data-id=\"1cc327d\" data-element_type=\"column\" data-settings=\"{&quot;animation&quot;:&quot;fadeInLeft&quot;}\">\n\t\t\t<div class=\"elementor-widget-wrap elementor-element-populated\">\n\t\t\t\t\t\t\t\t<div class=\"elementor-element elementor-element-ed2df5f elementor-widget elementor-widget-heading\" data-id=\"ed2df5f\" data-element_type=\"widget\" data-widget_type=\"heading.default\">\n\t\t\t\t<div class=\"elementor-widget-container\">\n\t\t\t<h2 class=\"elementor-heading-title elementor-size-default\">Hakk\u0131m\u0131zda<\/h2>\t\t<\/div>\n\t\t\t\t<\/div>\n\t\t\t\t<div class=\"elementor-element elementor-element-fa4c881 elementor-widget elementor-widget-text-editor\" data-id=\"fa4c881\" data-element_type=\"widget\" data-widget_type=\"text-editor.default\">\n\t\t\t\t<div class=\"elementor-widget-container\">\n\t\t\t<style>\/*! elementor - v3.7.8 - 02-10-2022 *\/\n.elementor-widget-text-editor.elementor-drop-cap-view-stacked .elementor-drop-cap{background-color:#818a91;color:#fff}.elementor-widget-text-editor.elementor-drop-cap-view-framed .elementor-drop-cap{color:#818a91;border:3px solid;background-color:transparent}.elementor-widget-text-editor:not(.elementor-drop-cap-view-default) .elementor-drop-cap{margin-top:8px}.elementor-widget-text-editor:not(.elementor-drop-cap-view-default) .elementor-drop-cap-letter{width:1em;height:1em}.elementor-widget-text-editor .elementor-drop-cap{float:left;text-align:center;line-height:1;font-size:50px}.elementor-widget-text-editor .elementor-drop-cap-letter{display:inline-block}<\/style>\t\t\t\t<p><strong>ASM Tanr\u0131verdi:<\/strong> \u0130n\u015faat Sekt\u00f6r\u00fcnde Yenilik\u00e7i Bir Yakla\u015f\u0131m<\/p><p>ASM Tanr\u0131verdi, in\u015faat sekt\u00f6r\u00fcnde kaba in\u015faat\u0131n tamamlanmas\u0131ndan sonra ba\u015flayan a\u015famalar\u0131 y\u00f6netmek \u00fczere kurulmu\u015f bir firmad\u0131r. Kurucusu Ahmet Tanr\u0131verdi&#8217;nin \u00f6nc\u00fcl\u00fc\u011f\u00fcnde, in\u015faat projelerine estetik ve fonksiyonelli\u011fi bir araya getirerek son dokunu\u015flar yapmaktay\u0131z. Kalite, g\u00fcven ve m\u00fc\u015fteri memnuniyeti odakl\u0131 yakla\u015f\u0131m\u0131m\u0131zla, her projeye \u00f6zg\u00fc \u00e7\u00f6z\u00fcmler sunuyoruz. In\u015faat sekt\u00f6r\u00fcnde sadece yap\u0131m a\u015famas\u0131 de\u011fil, projenin tamamlanma s\u00fcrecinde de \u00f6nemli bir rol oynamaktay\u0131z.<\/p>\t\t\t\t\t\t<\/div>\n\t\t\t\t<\/div>\n\t\t\t\t\t<\/div>\n\t\t<\/div>\n\t\t\t\t<div class=\"elementor-column elementor-col-50 elementor-top-column elementor-element elementor-element-09d62d4 elementor-invisible\" data-id=\"09d62d4\" data-element_type=\"column\" data-settings=\"{&quot;animation&quot;:&quot;fadeInRight&quot;}\">\n\t\t\t<div class=\"elementor-widget-wrap elementor-element-populated\">\n\t\t\t\t\t\t\t\t<div class=\"elementor-element elementor-element-a77f1ff elementor-widget elementor-widget-image\" data-id=\"a77f1ff\" data-element_type=\"widget\" data-widget_type=\"image.default\">\n\t\t\t\t<div class=\"elementor-widget-container\">\n\t\t\t<style>\/*! elementor - v3.7.8 - 02-10-2022 *\/\n.elementor-widget-image{text-align:center}.elementor-widget-image a{display:inline-block}.elementor-widget-image a img[src$=\".svg\"]{width:48px}.elementor-widget-image img{vertical-align:middle;display:inline-block}<\/style>\t\t\t\t\t\t\t\t\t\t\t\t<img loading=\"lazy\" decoding=\"async\" width=\"1024\" height=\"643\" src=\"https:\/\/asmtanriverdi.com\/wp-content\/uploads\/2020\/06\/asm-tanriverdi-logo-1024x643.png\" class=\"attachment-large size-large\" alt=\"\" srcset=\"https:\/\/asmtanriverdi.com\/wp-content\/uploads\/2020\/06\/asm-tanriverdi-logo-1024x643.png 1024w, https:\/\/asmtanriverdi.com\/wp-content\/uploads\/2020\/06\/asm-tanriverdi-logo-300x189.png 300w, https:\/\/asmtanriverdi.com\/wp-content\/uploads\/2020\/06\/asm-tanriverdi-logo-768x483.png 768w, https:\/\/asmtanriverdi.com\/wp-content\/uploads\/2020\/06\/asm-tanriverdi-logo-18x12.png 18w, https:\/\/asmtanriverdi.com\/wp-content\/uploads\/2020\/06\/asm-tanriverdi-logo.png 1098w\" sizes=\"auto, (max-width: 1024px) 100vw, 1024px\" \/>\t\t\t\t\t\t\t\t\t\t\t\t\t\t\t<\/div>\n\t\t\t\t<\/div>\n\t\t\t\t\t<\/div>\n\t\t<\/div>\n\t\t\t\t\t\t\t<\/div>\n\t\t<\/section>\n\t\t\t\t<section class=\"elementor-section elementor-top-section elementor-element elementor-element-34a9459 elementor-section-boxed elementor-section-height-default elementor-section-height-default\" data-id=\"34a9459\" data-element_type=\"section\" data-settings=\"{&quot;jet_parallax_layout_list&quot;:[{&quot;jet_parallax_layout_image&quot;:{&quot;url&quot;:&quot;&quot;,&quot;id&quot;:&quot;&quot;},&quot;_id&quot;:&quot;36d67d3&quot;,&quot;jet_parallax_layout_speed&quot;:{&quot;unit&quot;:&quot;%&quot;,&quot;size&quot;:&quot;50&quot;,&quot;sizes&quot;:[]},&quot;jet_parallax_layout_bg_x&quot;:&quot;50&quot;,&quot;jet_parallax_layout_bg_y&quot;:&quot;50&quot;,&quot;jet_parallax_layout_image_tablet&quot;:{&quot;url&quot;:&quot;&quot;,&quot;id&quot;:&quot;&quot;},&quot;jet_parallax_layout_image_mobile&quot;:{&quot;url&quot;:&quot;&quot;,&quot;id&quot;:&quot;&quot;},&quot;jet_parallax_layout_type&quot;:&quot;scroll&quot;,&quot;jet_parallax_layout_direction&quot;:null,&quot;jet_parallax_layout_fx_direction&quot;:null,&quot;jet_parallax_layout_z_index&quot;:&quot;&quot;,&quot;jet_parallax_layout_bg_x_tablet&quot;:&quot;&quot;,&quot;jet_parallax_layout_bg_x_mobile&quot;:&quot;&quot;,&quot;jet_parallax_layout_bg_y_tablet&quot;:&quot;&quot;,&quot;jet_parallax_layout_bg_y_mobile&quot;:&quot;&quot;,&quot;jet_parallax_layout_bg_size&quot;:&quot;auto&quot;,&quot;jet_parallax_layout_bg_size_tablet&quot;:&quot;&quot;,&quot;jet_parallax_layout_bg_size_mobile&quot;:&quot;&quot;,&quot;jet_parallax_layout_animation_prop&quot;:&quot;transform&quot;,&quot;jet_parallax_layout_on&quot;:[&quot;desktop&quot;,&quot;tablet&quot;]}],&quot;background_background&quot;:&quot;classic&quot;}\">\n\t\t\t\t\t\t<div class=\"elementor-container elementor-column-gap-no\">\n\t\t\t\t\t<div class=\"elementor-column elementor-col-50 elementor-top-column elementor-element elementor-element-568b4d3 elementor-invisible\" data-id=\"568b4d3\" data-element_type=\"column\" data-settings=\"{&quot;animation&quot;:&quot;fadeInLeft&quot;}\">\n\t\t\t<div class=\"elementor-widget-wrap elementor-element-populated\">\n\t\t\t\t\t\t\t\t<div class=\"elementor-element elementor-element-7222c02 elementor-widget elementor-widget-heading\" data-id=\"7222c02\" data-element_type=\"widget\" data-widget_type=\"heading.default\">\n\t\t\t\t<div class=\"elementor-widget-container\">\n\t\t\t<h2 class=\"elementor-heading-title elementor-size-default\">Misyon<\/h2>\t\t<\/div>\n\t\t\t\t<\/div>\n\t\t\t\t<div class=\"elementor-element elementor-element-1a7a647 elementor-widget elementor-widget-text-editor\" data-id=\"1a7a647\" data-element_type=\"widget\" data-widget_type=\"text-editor.default\">\n\t\t\t\t<div class=\"elementor-widget-container\">\n\t\t\t\t\t\t\t<p><strong>Yenilik\u00e7i ve Kaliteli Hizmet Anlay\u0131\u015f\u0131<\/strong><\/p><p>ASM Tanr\u0131verdi olarak misyonumuz, in\u015faat sekt\u00f6r\u00fcnde kaba in\u015faat sonras\u0131 s\u00fcre\u00e7lerde yenilik\u00e7i, kaliteli ve g\u00fcvenilir hizmetler sunmakt\u0131r. Her proje i\u00e7in \u00f6zel \u00e7\u00f6z\u00fcmler \u00fcreterek, in\u015faatlar\u0131n estetik ve i\u015flevsel olarak tamamlanmas\u0131n\u0131 sa\u011flamak. M\u00fc\u015fterilerimizin ihtiya\u00e7 ve beklentilerini en \u00fcst d\u00fczeyde kar\u015f\u0131layarak, sekt\u00f6rde fark yaratmay\u0131 hedefliyoruz.<\/p>\t\t\t\t\t\t<\/div>\n\t\t\t\t<\/div>\n\t\t\t\t\t<\/div>\n\t\t<\/div>\n\t\t\t\t<div class=\"elementor-column elementor-col-50 elementor-top-column elementor-element elementor-element-770b374 elementor-invisible\" data-id=\"770b374\" data-element_type=\"column\" data-settings=\"{&quot;animation&quot;:&quot;fadeInRight&quot;}\">\n\t\t\t<div class=\"elementor-widget-wrap elementor-element-populated\">\n\t\t\t\t\t\t\t\t<div class=\"elementor-element elementor-element-ec6e3e4 elementor-widget elementor-widget-heading\" data-id=\"ec6e3e4\" data-element_type=\"widget\" data-widget_type=\"heading.default\">\n\t\t\t\t<div class=\"elementor-widget-container\">\n\t\t\t<h2 class=\"elementor-heading-title elementor-size-default\">Vizyon<\/h2>\t\t<\/div>\n\t\t\t\t<\/div>\n\t\t\t\t<div class=\"elementor-element elementor-element-ae0a8a6 elementor-widget elementor-widget-text-editor\" data-id=\"ae0a8a6\" data-element_type=\"widget\" data-widget_type=\"text-editor.default\">\n\t\t\t\t<div class=\"elementor-widget-container\">\n\t\t\t\t\t\t\t<p><strong>Sekt\u00f6rde Liderlik ve S\u00fcrekli Geli\u015fim<\/strong><\/p><p>ASM Tanr\u0131verdi olarak vizyonumuz, in\u015faat sekt\u00f6r\u00fcnde kaba in\u015faat sonras\u0131 hizmetlerde lider bir firma olmak. S\u00fcrekli geli\u015fim ve yenilik\u00e7i yakla\u015f\u0131mlar\u0131m\u0131zla, sekt\u00f6rdeki standartlar\u0131 y\u00fckseltmek ve m\u00fc\u015fteri memnuniyetini en \u00fcst seviyeye \u00e7\u0131karmak. Kalite ve g\u00fcveni her projemizin temel ta\u015f\u0131 yaparak, sekt\u00f6rde s\u00fcrd\u00fcr\u00fclebilir ba\u015far\u0131lar elde etmeyi ama\u00e7l\u0131yoruz.<\/p>\t\t\t\t\t\t<\/div>\n\t\t\t\t<\/div>\n\t\t\t\t\t<\/div>\n\t\t<\/div>\n\t\t\t\t\t\t\t<\/div>\n\t\t<\/section>\n\t\t\t\t\t\t\t<\/div>\n\t\t","protected":false},"excerpt":{"rendered":"<p>Hakk\u0131m\u0131zda Hakk\u0131m\u0131zda ASM Tanr\u0131verdi: \u0130n\u015faat Sekt\u00f6r\u00fcnde Yenilik\u00e7i Bir Yakla\u015f\u0131m ASM Tanr\u0131verdi, in\u015faat sekt\u00f6r\u00fcnde kaba in\u015faat\u0131n tamamlanmas\u0131ndan sonra ba\u015flayan a\u015famalar\u0131 y\u00f6netmek \u00fczere kurulmu\u015f bir firmad\u0131r. Kurucusu Ahmet Tanr\u0131verdi&#8217;nin \u00f6nc\u00fcl\u00fc\u011f\u00fcnde, in\u015faat projelerine estetik ve fonksiyonelli\u011fi bir araya getirerek son dokunu\u015flar yapmaktay\u0131z. Kalite, g\u00fcven ve m\u00fc\u015fteri memnuniyeti odakl\u0131 yakla\u015f\u0131m\u0131m\u0131zla, her projeye \u00f6zg\u00fc \u00e7\u00f6z\u00fcmler sunuyoruz. In\u015faat sekt\u00f6r\u00fcnde sadece yap\u0131m [&hellip;]<\/p>\n","protected":false},"author":1,"featured_media":0,"parent":0,"menu_order":0,"comment_status":"closed","ping_status":"closed","template":"full-width.php","meta":{"footnotes":""},"class_list":["post-56","page","type-page","status-publish","hentry"],"acf":[],"yoast_head":"<!-- This site is optimized with the Yoast SEO plugin v21.7 - https:\/\/yoast.com\/wordpress\/plugins\/seo\/ -->\n<title>Hakk\u0131m\u0131zda<\/title>\n<meta name=\"robots\" content=\"index, follow, max-snippet:-1, max-image-preview:large, max-video-preview:-1\" \/>\n<link rel=\"canonical\" href=\"https:\/\/asmtanriverdi.com\/index.php\/about\/\" \/>\n<meta property=\"og:locale\" content=\"tr_TR\" \/>\n<meta property=\"og:type\" content=\"article\" \/>\n<meta property=\"og:title\" content=\"Hakk\u0131m\u0131zda\" \/>\n<meta property=\"og:description\" content=\"Hakk\u0131m\u0131zda Hakk\u0131m\u0131zda ASM Tanr\u0131verdi: \u0130n\u015faat Sekt\u00f6r\u00fcnde Yenilik\u00e7i Bir Yakla\u015f\u0131m ASM Tanr\u0131verdi, in\u015faat sekt\u00f6r\u00fcnde kaba in\u015faat\u0131n tamamlanmas\u0131ndan sonra ba\u015flayan a\u015famalar\u0131 y\u00f6netmek \u00fczere kurulmu\u015f bir firmad\u0131r. Kurucusu Ahmet Tanr\u0131verdi&#8217;nin \u00f6nc\u00fcl\u00fc\u011f\u00fcnde, in\u015faat projelerine estetik ve fonksiyonelli\u011fi bir araya getirerek son dokunu\u015flar yapmaktay\u0131z. Kalite, g\u00fcven ve m\u00fc\u015fteri memnuniyeti odakl\u0131 yakla\u015f\u0131m\u0131m\u0131zla, her projeye \u00f6zg\u00fc \u00e7\u00f6z\u00fcmler sunuyoruz. In\u015faat sekt\u00f6r\u00fcnde sadece yap\u0131m [&hellip;]\" \/>\n<meta property=\"og:url\" content=\"https:\/\/asmtanriverdi.com\/index.php\/about\/\" \/>\n<meta property=\"og:site_name\" content=\"ASM Tanr\u0131verdi\" \/>\n<meta property=\"article:modified_time\" content=\"2023-12-25T19:28:52+00:00\" \/>\n<meta property=\"og:image\" content=\"https:\/\/asmtanriverdi.com\/wp-content\/uploads\/2020\/06\/asm-tanriverdi-logo-1024x643.png\" \/>\n<meta name=\"twitter:card\" content=\"summary_large_image\" \/>\n<meta name=\"twitter:label1\" content=\"Tahmini okuma s\u00fcresi\" \/>\n\t<meta name=\"twitter:data1\" content=\"2 dakika\" \/>\n<script type=\"application\/ld+json\" class=\"yoast-schema-graph\">{\"@context\":\"https:\/\/schema.org\",\"@graph\":[{\"@type\":\"WebPage\",\"@id\":\"https:\/\/asmtanriverdi.com\/index.php\/about\/\",\"url\":\"https:\/\/asmtanriverdi.com\/index.php\/about\/\",\"name\":\"Hakk\u0131m\u0131zda\",\"isPartOf\":{\"@id\":\"https:\/\/asmtanriverdi.com\/#website\"},\"datePublished\":\"2020-06-23T11:41:21+00:00\",\"dateModified\":\"2023-12-25T19:28:52+00:00\",\"breadcrumb\":{\"@id\":\"https:\/\/asmtanriverdi.com\/index.php\/about\/#breadcrumb\"},\"inLanguage\":\"tr\",\"potentialAction\":[{\"@type\":\"ReadAction\",\"target\":[\"https:\/\/asmtanriverdi.com\/index.php\/about\/\"]}]},{\"@type\":\"BreadcrumbList\",\"@id\":\"https:\/\/asmtanriverdi.com\/index.php\/about\/#breadcrumb\",\"itemListElement\":[{\"@type\":\"ListItem\",\"position\":1,\"name\":\"Anasayfa\",\"item\":\"https:\/\/asmtanriverdi.com\/\"},{\"@type\":\"ListItem\",\"position\":2,\"name\":\"Hakk\u0131m\u0131zda\"}]},{\"@type\":\"WebSite\",\"@id\":\"https:\/\/asmtanriverdi.com\/#website\",\"url\":\"https:\/\/asmtanriverdi.com\/\",\"name\":\"ASM Tanr\u0131verdi\",\"description\":\"Alanya Construction | Real Estate\",\"potentialAction\":[{\"@type\":\"SearchAction\",\"target\":{\"@type\":\"EntryPoint\",\"urlTemplate\":\"https:\/\/asmtanriverdi.com\/?s={search_term_string}\"},\"query-input\":\"required name=search_term_string\"}],\"inLanguage\":\"tr\"}]}<\/script>\n<!-- \/ Yoast SEO plugin. -->","yoast_head_json":{"title":"Hakk\u0131m\u0131zda","robots":{"index":"index","follow":"follow","max-snippet":"max-snippet:-1","max-image-preview":"max-image-preview:large","max-video-preview":"max-video-preview:-1"},"canonical":"https:\/\/asmtanriverdi.com\/index.php\/about\/","og_locale":"tr_TR","og_type":"article","og_title":"Hakk\u0131m\u0131zda","og_description":"Hakk\u0131m\u0131zda Hakk\u0131m\u0131zda ASM Tanr\u0131verdi: \u0130n\u015faat Sekt\u00f6r\u00fcnde Yenilik\u00e7i Bir Yakla\u015f\u0131m ASM Tanr\u0131verdi, in\u015faat sekt\u00f6r\u00fcnde kaba in\u015faat\u0131n tamamlanmas\u0131ndan sonra ba\u015flayan a\u015famalar\u0131 y\u00f6netmek \u00fczere kurulmu\u015f bir firmad\u0131r. Kurucusu Ahmet Tanr\u0131verdi&#8217;nin \u00f6nc\u00fcl\u00fc\u011f\u00fcnde, in\u015faat projelerine estetik ve fonksiyonelli\u011fi bir araya getirerek son dokunu\u015flar yapmaktay\u0131z. Kalite, g\u00fcven ve m\u00fc\u015fteri memnuniyeti odakl\u0131 yakla\u015f\u0131m\u0131m\u0131zla, her projeye \u00f6zg\u00fc \u00e7\u00f6z\u00fcmler sunuyoruz. In\u015faat sekt\u00f6r\u00fcnde sadece yap\u0131m [&hellip;]","og_url":"https:\/\/asmtanriverdi.com\/index.php\/about\/","og_site_name":"ASM Tanr\u0131verdi","article_modified_time":"2023-12-25T19:28:52+00:00","og_image":[{"url":"https:\/\/asmtanriverdi.com\/wp-content\/uploads\/2020\/06\/asm-tanriverdi-logo-1024x643.png"}],"twitter_card":"summary_large_image","twitter_misc":{"Tahmini okuma s\u00fcresi":"2 dakika"},"schema":{"@context":"https:\/\/schema.org","@graph":[{"@type":"WebPage","@id":"https:\/\/asmtanriverdi.com\/index.php\/about\/","url":"https:\/\/asmtanriverdi.com\/index.php\/about\/","name":"Hakk\u0131m\u0131zda","isPartOf":{"@id":"https:\/\/asmtanriverdi.com\/#website"},"datePublished":"2020-06-23T11:41:21+00:00","dateModified":"2023-12-25T19:28:52+00:00","breadcrumb":{"@id":"https:\/\/asmtanriverdi.com\/index.php\/about\/#breadcrumb"},"inLanguage":"tr","potentialAction":[{"@type":"ReadAction","target":["https:\/\/asmtanriverdi.com\/index.php\/about\/"]}]},{"@type":"BreadcrumbList","@id":"https:\/\/asmtanriverdi.com\/index.php\/about\/#breadcrumb","itemListElement":[{"@type":"ListItem","position":1,"name":"Anasayfa","item":"https:\/\/asmtanriverdi.com\/"},{"@type":"ListItem","position":2,"name":"Hakk\u0131m\u0131zda"}]},{"@type":"WebSite","@id":"https:\/\/asmtanriverdi.com\/#website","url":"https:\/\/asmtanriverdi.com\/","name":"ASM Tanr\u0131verdi","description":"Alanya Construction | Real Estate","potentialAction":[{"@type":"SearchAction","target":{"@type":"EntryPoint","urlTemplate":"https:\/\/asmtanriverdi.com\/?s={search_term_string}"},"query-input":"required name=search_term_string"}],"inLanguage":"tr"}]}},"_links":{"self":[{"href":"https:\/\/asmtanriverdi.com\/index.php\/wp-json\/wp\/v2\/pages\/56","targetHints":{"allow":["GET"]}}],"collection":[{"href":"https:\/\/asmtanriverdi.com\/index.php\/wp-json\/wp\/v2\/pages"}],"about":[{"href":"https:\/\/asmtanriverdi.com\/index.php\/wp-json\/wp\/v2\/types\/page"}],"author":[{"embeddable":true,"href":"https:\/\/asmtanriverdi.com\/index.php\/wp-json\/wp\/v2\/users\/1"}],"replies":[{"embeddable":true,"href":"https:\/\/asmtanriverdi.com\/index.php\/wp-json\/wp\/v2\/comments?post=56"}],"version-history":[{"count":5,"href":"https:\/\/asmtanriverdi.com\/index.php\/wp-json\/wp\/v2\/pages\/56\/revisions"}],"predecessor-version":[{"id":450,"href":"https:\/\/asmtanriverdi.com\/index.php\/wp-json\/wp\/v2\/pages\/56\/revisions\/450"}],"wp:attachment":[{"href":"https:\/\/asmtanriverdi.com\/index.php\/wp-json\/wp\/v2\/media?parent=56"}],"curies":[{"name":"wp","href":"https:\/\/api.w.org\/{rel}","templated":true}]}}