{"id":105,"date":"2020-06-24T07:16:32","date_gmt":"2020-06-24T07:16:32","guid":{"rendered":"https:\/\/jupiterx.artbees.net\/accountant\/?page_id=105"},"modified":"2023-12-25T22:31:53","modified_gmt":"2023-12-25T19:31:53","slug":"blog","status":"publish","type":"page","link":"https:\/\/asmtanriverdi.com\/index.php\/blog\/","title":{"rendered":"Blog"},"content":{"rendered":"\t\t<div data-elementor-type=\"wp-page\" data-elementor-id=\"105\" class=\"elementor elementor-105\">\n\t\t\t\t\t\t\t\t\t<section class=\"elementor-section elementor-top-section elementor-element elementor-element-cb73e6e elementor-section-boxed elementor-section-height-default elementor-section-height-default\" data-id=\"cb73e6e\" data-element_type=\"section\" data-settings=\"{&quot;jet_parallax_layout_list&quot;:[{&quot;jet_parallax_layout_image&quot;:{&quot;url&quot;:&quot;&quot;,&quot;id&quot;:&quot;&quot;},&quot;_id&quot;:&quot;bd17729&quot;,&quot;jet_parallax_layout_speed&quot;:{&quot;unit&quot;:&quot;%&quot;,&quot;size&quot;:&quot;50&quot;,&quot;sizes&quot;:[]},&quot;jet_parallax_layout_bg_x&quot;:&quot;50&quot;,&quot;jet_parallax_layout_bg_y&quot;:&quot;50&quot;,&quot;jet_parallax_layout_image_tablet&quot;:{&quot;url&quot;:&quot;&quot;,&quot;id&quot;:&quot;&quot;},&quot;jet_parallax_layout_image_mobile&quot;:{&quot;url&quot;:&quot;&quot;,&quot;id&quot;:&quot;&quot;},&quot;jet_parallax_layout_type&quot;:&quot;scroll&quot;,&quot;jet_parallax_layout_direction&quot;:null,&quot;jet_parallax_layout_fx_direction&quot;:null,&quot;jet_parallax_layout_z_index&quot;:&quot;&quot;,&quot;jet_parallax_layout_bg_x_tablet&quot;:&quot;&quot;,&quot;jet_parallax_layout_bg_x_mobile&quot;:&quot;&quot;,&quot;jet_parallax_layout_bg_y_tablet&quot;:&quot;&quot;,&quot;jet_parallax_layout_bg_y_mobile&quot;:&quot;&quot;,&quot;jet_parallax_layout_bg_size&quot;:&quot;auto&quot;,&quot;jet_parallax_layout_bg_size_tablet&quot;:&quot;&quot;,&quot;jet_parallax_layout_bg_size_mobile&quot;:&quot;&quot;,&quot;jet_parallax_layout_animation_prop&quot;:&quot;transform&quot;,&quot;jet_parallax_layout_on&quot;:[&quot;desktop&quot;,&quot;tablet&quot;]}],&quot;background_background&quot;:&quot;classic&quot;}\">\n\t\t\t\t\t\t\t<div class=\"elementor-background-overlay\"><\/div>\n\t\t\t\t\t\t\t<div class=\"elementor-container elementor-column-gap-no\">\n\t\t\t\t\t<div class=\"elementor-column elementor-col-100 elementor-top-column elementor-element elementor-element-b58296d\" data-id=\"b58296d\" data-element_type=\"column\">\n\t\t\t<div class=\"elementor-widget-wrap elementor-element-populated\">\n\t\t\t\t\t\t\t\t<div class=\"elementor-element elementor-element-4c52786 elementor-widget elementor-widget-heading\" data-id=\"4c52786\" data-element_type=\"widget\" data-widget_type=\"heading.default\">\n\t\t\t\t<div class=\"elementor-widget-container\">\n\t\t\t<style>\/*! elementor - v3.7.8 - 02-10-2022 *\/\n.elementor-heading-title{padding:0;margin:0;line-height:1}.elementor-widget-heading .elementor-heading-title[class*=elementor-size-]>a{color:inherit;font-size:inherit;line-height:inherit}.elementor-widget-heading .elementor-heading-title.elementor-size-small{font-size:15px}.elementor-widget-heading .elementor-heading-title.elementor-size-medium{font-size:19px}.elementor-widget-heading .elementor-heading-title.elementor-size-large{font-size:29px}.elementor-widget-heading .elementor-heading-title.elementor-size-xl{font-size:39px}.elementor-widget-heading .elementor-heading-title.elementor-size-xxl{font-size:59px}<\/style><h1 class=\"elementor-heading-title elementor-size-default\">Blog<\/h1>\t\t<\/div>\n\t\t\t\t<\/div>\n\t\t\t\t\t<\/div>\n\t\t<\/div>\n\t\t\t\t\t\t\t<\/div>\n\t\t<\/section>\n\t\t\t\t<section class=\"elementor-section elementor-top-section elementor-element elementor-element-12c6643 elementor-section-boxed elementor-section-height-default elementor-section-height-default elementor-invisible\" data-id=\"12c6643\" data-element_type=\"section\" data-settings=\"{&quot;jet_parallax_layout_list&quot;:[{&quot;jet_parallax_layout_image&quot;:{&quot;url&quot;:&quot;&quot;,&quot;id&quot;:&quot;&quot;},&quot;_id&quot;:&quot;3cedde8&quot;,&quot;jet_parallax_layout_speed&quot;:{&quot;unit&quot;:&quot;%&quot;,&quot;size&quot;:&quot;50&quot;,&quot;sizes&quot;:[]},&quot;jet_parallax_layout_bg_x&quot;:&quot;50&quot;,&quot;jet_parallax_layout_bg_y&quot;:&quot;50&quot;,&quot;jet_parallax_layout_image_tablet&quot;:{&quot;url&quot;:&quot;&quot;,&quot;id&quot;:&quot;&quot;},&quot;jet_parallax_layout_image_mobile&quot;:{&quot;url&quot;:&quot;&quot;,&quot;id&quot;:&quot;&quot;},&quot;jet_parallax_layout_type&quot;:&quot;scroll&quot;,&quot;jet_parallax_layout_direction&quot;:null,&quot;jet_parallax_layout_fx_direction&quot;:null,&quot;jet_parallax_layout_z_index&quot;:&quot;&quot;,&quot;jet_parallax_layout_bg_x_tablet&quot;:&quot;&quot;,&quot;jet_parallax_layout_bg_x_mobile&quot;:&quot;&quot;,&quot;jet_parallax_layout_bg_y_tablet&quot;:&quot;&quot;,&quot;jet_parallax_layout_bg_y_mobile&quot;:&quot;&quot;,&quot;jet_parallax_layout_bg_size&quot;:&quot;auto&quot;,&quot;jet_parallax_layout_bg_size_tablet&quot;:&quot;&quot;,&quot;jet_parallax_layout_bg_size_mobile&quot;:&quot;&quot;,&quot;jet_parallax_layout_animation_prop&quot;:&quot;transform&quot;,&quot;jet_parallax_layout_on&quot;:[&quot;desktop&quot;,&quot;tablet&quot;]}],&quot;animation&quot;:&quot;fadeInUp&quot;}\">\n\t\t\t\t\t\t<div class=\"elementor-container elementor-column-gap-no\">\n\t\t\t\t\t<div class=\"elementor-column elementor-col-100 elementor-top-column elementor-element elementor-element-3f36493\" data-id=\"3f36493\" data-element_type=\"column\">\n\t\t\t<div class=\"elementor-widget-wrap elementor-element-populated\">\n\t\t\t\t\t\t\t\t<div class=\"elementor-element elementor-element-4fea40c elementor-widget elementor-widget-heading\" data-id=\"4fea40c\" data-element_type=\"widget\" data-widget_type=\"heading.default\">\n\t\t\t\t<div class=\"elementor-widget-container\">\n\t\t\t<h2 class=\"elementor-heading-title elementor-size-default\">Sizin \u0130\u00e7in Haz\u0131rlad\u0131klar\u0131m\u0131z..<\/h2>\t\t<\/div>\n\t\t\t\t<\/div>\n\t\t\t\t\t<\/div>\n\t\t<\/div>\n\t\t\t\t\t\t\t<\/div>\n\t\t<\/section>\n\t\t\t\t<section class=\"elementor-section elementor-top-section elementor-element elementor-element-adb53ec elementor-section-boxed elementor-section-height-default elementor-section-height-default elementor-invisible\" data-id=\"adb53ec\" data-element_type=\"section\" data-settings=\"{&quot;jet_parallax_layout_list&quot;:[{&quot;jet_parallax_layout_image&quot;:{&quot;url&quot;:&quot;&quot;,&quot;id&quot;:&quot;&quot;},&quot;_id&quot;:&quot;6b533e1&quot;,&quot;jet_parallax_layout_speed&quot;:{&quot;unit&quot;:&quot;%&quot;,&quot;size&quot;:&quot;50&quot;,&quot;sizes&quot;:[]},&quot;jet_parallax_layout_bg_x&quot;:&quot;50&quot;,&quot;jet_parallax_layout_bg_y&quot;:&quot;50&quot;,&quot;jet_parallax_layout_image_tablet&quot;:{&quot;url&quot;:&quot;&quot;,&quot;id&quot;:&quot;&quot;},&quot;jet_parallax_layout_image_mobile&quot;:{&quot;url&quot;:&quot;&quot;,&quot;id&quot;:&quot;&quot;},&quot;jet_parallax_layout_type&quot;:&quot;scroll&quot;,&quot;jet_parallax_layout_direction&quot;:null,&quot;jet_parallax_layout_fx_direction&quot;:null,&quot;jet_parallax_layout_z_index&quot;:&quot;&quot;,&quot;jet_parallax_layout_bg_x_tablet&quot;:&quot;&quot;,&quot;jet_parallax_layout_bg_x_mobile&quot;:&quot;&quot;,&quot;jet_parallax_layout_bg_y_tablet&quot;:&quot;&quot;,&quot;jet_parallax_layout_bg_y_mobile&quot;:&quot;&quot;,&quot;jet_parallax_layout_bg_size&quot;:&quot;auto&quot;,&quot;jet_parallax_layout_bg_size_tablet&quot;:&quot;&quot;,&quot;jet_parallax_layout_bg_size_mobile&quot;:&quot;&quot;,&quot;jet_parallax_layout_animation_prop&quot;:&quot;transform&quot;,&quot;jet_parallax_layout_on&quot;:[&quot;desktop&quot;,&quot;tablet&quot;]}],&quot;background_background&quot;:&quot;classic&quot;,&quot;animation&quot;:&quot;fadeInUp&quot;}\">\n\t\t\t\t\t\t<div class=\"elementor-container elementor-column-gap-no\">\n\t\t\t\t\t<div class=\"elementor-column elementor-col-100 elementor-top-column elementor-element elementor-element-5b1f650\" data-id=\"5b1f650\" data-element_type=\"column\">\n\t\t\t<div class=\"elementor-widget-wrap elementor-element-populated\">\n\t\t\t\t\t\t\t\t<div class=\"elementor-element elementor-element-3ccd9f9 raven-hover-grayscale elementor-widget elementor-widget-raven-posts-carousel\" data-id=\"3ccd9f9\" data-element_type=\"widget\" data-settings=\"{&quot;classic_slides_view&quot;:&quot;4&quot;,&quot;classic_post_image_hover_effect&quot;:&quot;grayscale&quot;,&quot;_skin&quot;:&quot;classic&quot;,&quot;query_posts_per_page&quot;:10,&quot;classic_slides_view_tablet&quot;:&quot;2&quot;,&quot;classic_slides_view_mobile&quot;:&quot;1&quot;,&quot;classic_slides_scroll&quot;:&quot;1&quot;,&quot;classic_slides_scroll_tablet&quot;:&quot;1&quot;,&quot;classic_slides_scroll_mobile&quot;:&quot;1&quot;,&quot;classic_transition_speed&quot;:500,&quot;classic_enable_infinite_loop&quot;:&quot;yes&quot;,&quot;classic_show_arrows&quot;:&quot;yes&quot;,&quot;query_offset&quot;:0,&quot;classic_columns_space_between&quot;:{&quot;unit&quot;:&quot;px&quot;,&quot;size&quot;:30,&quot;sizes&quot;:[]},&quot;classic_columns_space_between_tablet&quot;:{&quot;unit&quot;:&quot;px&quot;,&quot;size&quot;:20,&quot;sizes&quot;:[]},&quot;classic_columns_space_between_mobile&quot;:{&quot;unit&quot;:&quot;px&quot;,&quot;size&quot;:10,&quot;sizes&quot;:[]}}\" data-widget_type=\"raven-posts-carousel.classic\">\n\t\t\t\t<div class=\"elementor-widget-container\">\n\t\t\t\t\t<div class=\"raven-posts-carousel raven-swiper-slider\">\n\t\t\t<div class=\"raven-posts-carousel-swiper-container swiper-container\">\n\t\t\t\t<div class=\"swiper-wrapper swiper-columns-4\" data-swiper='{&quot;rtl&quot;:false}'>\n\t\t\n\t\t<div class=\"swiper-slide\">\n\t\t\t<div class=\"raven-post-wrapper\">\n\t\t\t\t<div class=\"raven-post\">\n\t\t\t\t\t\t\t<div class=\"raven-post-image-wrap\">\n\t\t\t<a class=\"raven-post-image raven-image-fit\"  href=https:\/\/asmtanriverdi.com\/index.php\/2023\/12\/25\/asm-tanriverdi-insaat-sektorunde-estetik-ve-kalitenin-mimari\/><img loading=\"lazy\" decoding=\"async\" width=\"1024\" height=\"1024\" src=\"https:\/\/asmtanriverdi.com\/wp-content\/uploads\/2023\/12\/6.png\" class=\"attachment-large size-large\" alt=\"\" srcset=\"https:\/\/asmtanriverdi.com\/wp-content\/uploads\/2023\/12\/6.png 1024w, https:\/\/asmtanriverdi.com\/wp-content\/uploads\/2023\/12\/6-300x300.png 300w, https:\/\/asmtanriverdi.com\/wp-content\/uploads\/2023\/12\/6-150x150.png 150w, https:\/\/asmtanriverdi.com\/wp-content\/uploads\/2023\/12\/6-768x768.png 768w, https:\/\/asmtanriverdi.com\/wp-content\/uploads\/2023\/12\/6-12x12.png 12w, https:\/\/asmtanriverdi.com\/wp-content\/uploads\/2023\/12\/6-500x500.png 500w\" sizes=\"auto, (max-width: 1024px) 100vw, 1024px\" \/> <span class=\"raven-post-image-overlay\"><\/span><\/a>\t\t<\/div>\n\t\t\n\t\t\t\t\t<div class=\"raven-post-content\">\n\t\t\t\t\t\t<h3 class=\"raven-post-title\"><a class=\"raven-post-title-link\" href=\"https:\/\/asmtanriverdi.com\/index.php\/2023\/12\/25\/asm-tanriverdi-insaat-sektorunde-estetik-ve-kalitenin-mimari\/\">ASM Tanr\u0131verdi: \u0130n\u015faat Sekt\u00f6r\u00fcnde Estetik ve Kalitenin Mimar\u0131<\/a><\/h3>\t\t\t\t\t<\/div>\n\t\t\t\t<\/div>\n\t\t\t<\/div>\n\t\t<\/div>\n\t\t\n\t\t<div class=\"swiper-slide\">\n\t\t\t<div class=\"raven-post-wrapper\">\n\t\t\t\t<div class=\"raven-post\">\n\t\t\t\t\t\t\t<div class=\"raven-post-image-wrap\">\n\t\t\t<a class=\"raven-post-image raven-image-fit\"  href=https:\/\/asmtanriverdi.com\/index.php\/2023\/12\/25\/asm-tanriverdi-insaat-sektorunde-guven-ve-mukemmeliyetin-ismi\/><img loading=\"lazy\" decoding=\"async\" width=\"1024\" height=\"1024\" src=\"https:\/\/asmtanriverdi.com\/wp-content\/uploads\/2023\/12\/5.png\" class=\"attachment-large size-large\" alt=\"\" srcset=\"https:\/\/asmtanriverdi.com\/wp-content\/uploads\/2023\/12\/5.png 1024w, https:\/\/asmtanriverdi.com\/wp-content\/uploads\/2023\/12\/5-300x300.png 300w, https:\/\/asmtanriverdi.com\/wp-content\/uploads\/2023\/12\/5-150x150.png 150w, https:\/\/asmtanriverdi.com\/wp-content\/uploads\/2023\/12\/5-768x768.png 768w, https:\/\/asmtanriverdi.com\/wp-content\/uploads\/2023\/12\/5-12x12.png 12w, https:\/\/asmtanriverdi.com\/wp-content\/uploads\/2023\/12\/5-500x500.png 500w\" sizes=\"auto, (max-width: 1024px) 100vw, 1024px\" \/> <span class=\"raven-post-image-overlay\"><\/span><\/a>\t\t<\/div>\n\t\t\n\t\t\t\t\t<div class=\"raven-post-content\">\n\t\t\t\t\t\t<h3 class=\"raven-post-title\"><a class=\"raven-post-title-link\" href=\"https:\/\/asmtanriverdi.com\/index.php\/2023\/12\/25\/asm-tanriverdi-insaat-sektorunde-guven-ve-mukemmeliyetin-ismi\/\">ASM Tanr\u0131verdi: \u0130n\u015faat Sekt\u00f6r\u00fcnde G\u00fcven ve M\u00fckemmeliyetin \u0130smi<\/a><\/h3>\t\t\t\t\t<\/div>\n\t\t\t\t<\/div>\n\t\t\t<\/div>\n\t\t<\/div>\n\t\t\n\t\t<div class=\"swiper-slide\">\n\t\t\t<div class=\"raven-post-wrapper\">\n\t\t\t\t<div class=\"raven-post\">\n\t\t\t\t\t\t\t<div class=\"raven-post-image-wrap\">\n\t\t\t<a class=\"raven-post-image raven-image-fit\"  href=https:\/\/asmtanriverdi.com\/index.php\/2023\/12\/25\/asm-tanriverdi-insaat-sektorunde-kalitenin-ve-yeniligin-adresi\/><img loading=\"lazy\" decoding=\"async\" width=\"1024\" height=\"1024\" src=\"https:\/\/asmtanriverdi.com\/wp-content\/uploads\/2023\/12\/4-1.png\" class=\"attachment-large size-large\" alt=\"\" srcset=\"https:\/\/asmtanriverdi.com\/wp-content\/uploads\/2023\/12\/4-1.png 1024w, https:\/\/asmtanriverdi.com\/wp-content\/uploads\/2023\/12\/4-1-300x300.png 300w, https:\/\/asmtanriverdi.com\/wp-content\/uploads\/2023\/12\/4-1-150x150.png 150w, https:\/\/asmtanriverdi.com\/wp-content\/uploads\/2023\/12\/4-1-768x768.png 768w, https:\/\/asmtanriverdi.com\/wp-content\/uploads\/2023\/12\/4-1-12x12.png 12w, https:\/\/asmtanriverdi.com\/wp-content\/uploads\/2023\/12\/4-1-500x500.png 500w\" sizes=\"auto, (max-width: 1024px) 100vw, 1024px\" \/> <span class=\"raven-post-image-overlay\"><\/span><\/a>\t\t<\/div>\n\t\t\n\t\t\t\t\t<div class=\"raven-post-content\">\n\t\t\t\t\t\t<h3 class=\"raven-post-title\"><a class=\"raven-post-title-link\" href=\"https:\/\/asmtanriverdi.com\/index.php\/2023\/12\/25\/asm-tanriverdi-insaat-sektorunde-kalitenin-ve-yeniligin-adresi\/\">ASM Tanr\u0131verdi: \u0130n\u015faat Sekt\u00f6r\u00fcnde Kalitenin ve Yenili\u011fin Adresi<\/a><\/h3>\t\t\t\t\t<\/div>\n\t\t\t\t<\/div>\n\t\t\t<\/div>\n\t\t<\/div>\n\t\t\n\t\t<div class=\"swiper-slide\">\n\t\t\t<div class=\"raven-post-wrapper\">\n\t\t\t\t<div class=\"raven-post\">\n\t\t\t\t\t\t\t<div class=\"raven-post-image-wrap\">\n\t\t\t<a class=\"raven-post-image raven-image-fit\"  href=https:\/\/asmtanriverdi.com\/index.php\/2023\/12\/25\/insaat-sektorunde-fark-yaratmak-asm-tanriverdinin-basari-hikayesi\/><img loading=\"lazy\" decoding=\"async\" width=\"1024\" height=\"1024\" src=\"https:\/\/asmtanriverdi.com\/wp-content\/uploads\/2023\/12\/3-1.png\" class=\"attachment-large size-large\" alt=\"\" srcset=\"https:\/\/asmtanriverdi.com\/wp-content\/uploads\/2023\/12\/3-1.png 1024w, https:\/\/asmtanriverdi.com\/wp-content\/uploads\/2023\/12\/3-1-300x300.png 300w, https:\/\/asmtanriverdi.com\/wp-content\/uploads\/2023\/12\/3-1-150x150.png 150w, https:\/\/asmtanriverdi.com\/wp-content\/uploads\/2023\/12\/3-1-768x768.png 768w, https:\/\/asmtanriverdi.com\/wp-content\/uploads\/2023\/12\/3-1-12x12.png 12w, https:\/\/asmtanriverdi.com\/wp-content\/uploads\/2023\/12\/3-1-500x500.png 500w\" sizes=\"auto, (max-width: 1024px) 100vw, 1024px\" \/> <span class=\"raven-post-image-overlay\"><\/span><\/a>\t\t<\/div>\n\t\t\n\t\t\t\t\t<div class=\"raven-post-content\">\n\t\t\t\t\t\t<h3 class=\"raven-post-title\"><a class=\"raven-post-title-link\" href=\"https:\/\/asmtanriverdi.com\/index.php\/2023\/12\/25\/insaat-sektorunde-fark-yaratmak-asm-tanriverdinin-basari-hikayesi\/\">\u0130n\u015faat Sekt\u00f6r\u00fcnde Fark Yaratmak: ASM Tanr\u0131verdi&#8217;nin Ba\u015far\u0131 Hikayesi<\/a><\/h3>\t\t\t\t\t<\/div>\n\t\t\t\t<\/div>\n\t\t\t<\/div>\n\t\t<\/div>\n\t\t\n\t\t<div class=\"swiper-slide\">\n\t\t\t<div class=\"raven-post-wrapper\">\n\t\t\t\t<div class=\"raven-post\">\n\t\t\t\t\t\t\t<div class=\"raven-post-image-wrap\">\n\t\t\t<a class=\"raven-post-image raven-image-fit\"  href=https:\/\/asmtanriverdi.com\/index.php\/2023\/12\/25\/asm-tanriverdi-insaat-sektorunde-kalite-ve-guvenin-adresi\/><img loading=\"lazy\" decoding=\"async\" width=\"1024\" height=\"1024\" src=\"https:\/\/asmtanriverdi.com\/wp-content\/uploads\/2023\/12\/2-1.png\" class=\"attachment-large size-large\" alt=\"\" srcset=\"https:\/\/asmtanriverdi.com\/wp-content\/uploads\/2023\/12\/2-1.png 1024w, https:\/\/asmtanriverdi.com\/wp-content\/uploads\/2023\/12\/2-1-300x300.png 300w, https:\/\/asmtanriverdi.com\/wp-content\/uploads\/2023\/12\/2-1-150x150.png 150w, https:\/\/asmtanriverdi.com\/wp-content\/uploads\/2023\/12\/2-1-768x768.png 768w, https:\/\/asmtanriverdi.com\/wp-content\/uploads\/2023\/12\/2-1-12x12.png 12w, https:\/\/asmtanriverdi.com\/wp-content\/uploads\/2023\/12\/2-1-500x500.png 500w\" sizes=\"auto, (max-width: 1024px) 100vw, 1024px\" \/> <span class=\"raven-post-image-overlay\"><\/span><\/a>\t\t<\/div>\n\t\t\n\t\t\t\t\t<div class=\"raven-post-content\">\n\t\t\t\t\t\t<h3 class=\"raven-post-title\"><a class=\"raven-post-title-link\" href=\"https:\/\/asmtanriverdi.com\/index.php\/2023\/12\/25\/asm-tanriverdi-insaat-sektorunde-kalite-ve-guvenin-adresi\/\">ASM Tanr\u0131verdi: \u0130n\u015faat Sekt\u00f6r\u00fcnde Kalite ve G\u00fcvenin Adresi<\/a><\/h3>\t\t\t\t\t<\/div>\n\t\t\t\t<\/div>\n\t\t\t<\/div>\n\t\t<\/div>\n\t\t\n\t\t<div class=\"swiper-slide\">\n\t\t\t<div class=\"raven-post-wrapper\">\n\t\t\t\t<div class=\"raven-post\">\n\t\t\t\t\t\t\t<div class=\"raven-post-image-wrap\">\n\t\t\t<a class=\"raven-post-image raven-image-fit\"  href=https:\/\/asmtanriverdi.com\/index.php\/2023\/12\/25\/insaat-sektorunde-yenilikci-bir-yaklasim-asm-tanriverdi-ile-tanisin\/><img loading=\"lazy\" decoding=\"async\" width=\"1024\" height=\"1024\" src=\"https:\/\/asmtanriverdi.com\/wp-content\/uploads\/2023\/12\/1-1.png\" class=\"attachment-large size-large\" alt=\"\" srcset=\"https:\/\/asmtanriverdi.com\/wp-content\/uploads\/2023\/12\/1-1.png 1024w, https:\/\/asmtanriverdi.com\/wp-content\/uploads\/2023\/12\/1-1-300x300.png 300w, https:\/\/asmtanriverdi.com\/wp-content\/uploads\/2023\/12\/1-1-150x150.png 150w, https:\/\/asmtanriverdi.com\/wp-content\/uploads\/2023\/12\/1-1-768x768.png 768w, https:\/\/asmtanriverdi.com\/wp-content\/uploads\/2023\/12\/1-1-12x12.png 12w, https:\/\/asmtanriverdi.com\/wp-content\/uploads\/2023\/12\/1-1-500x500.png 500w\" sizes=\"auto, (max-width: 1024px) 100vw, 1024px\" \/> <span class=\"raven-post-image-overlay\"><\/span><\/a>\t\t<\/div>\n\t\t\n\t\t\t\t\t<div class=\"raven-post-content\">\n\t\t\t\t\t\t<h3 class=\"raven-post-title\"><a class=\"raven-post-title-link\" href=\"https:\/\/asmtanriverdi.com\/index.php\/2023\/12\/25\/insaat-sektorunde-yenilikci-bir-yaklasim-asm-tanriverdi-ile-tanisin\/\">In\u015faat Sekt\u00f6r\u00fcnde Yenilik\u00e7i Bir Yakla\u015f\u0131m: ASM Tanr\u0131verdi ile Tan\u0131\u015f\u0131n<\/a><\/h3>\t\t\t\t\t<\/div>\n\t\t\t\t<\/div>\n\t\t\t<\/div>\n\t\t<\/div>\n\t\t\t\t\t\t<\/div>\n\t\t<div class=\"swiper-pagination swiper-pager-outside bullets-pagination-type\"><\/div>\n\t\t<\/div>\n\n\t\t\t\t\t\t\t<div class=\"swiper-button-prev\"><\/div>\n\t\t\t\t<div class=\"swiper-button-next\"><\/div>\n\t\t\t\n\t\t<\/div>\n\t\t\t\t<\/div>\n\t\t\t\t<\/div>\n\t\t\t\t\t<\/div>\n\t\t<\/div>\n\t\t\t\t\t\t\t<\/div>\n\t\t<\/section>\n\t\t\t\t\t\t\t<\/div>\n\t\t","protected":false},"excerpt":{"rendered":"<p>Blog Sizin \u0130\u00e7in Haz\u0131rlad\u0131klar\u0131m\u0131z.. ASM Tanr\u0131verdi: \u0130n\u015faat Sekt\u00f6r\u00fcnde Estetik ve Kalitenin Mimar\u0131 ASM Tanr\u0131verdi: \u0130n\u015faat Sekt\u00f6r\u00fcnde G\u00fcven ve M\u00fckemmeliyetin \u0130smi ASM Tanr\u0131verdi: \u0130n\u015faat Sekt\u00f6r\u00fcnde Kalitenin ve Yenili\u011fin Adresi \u0130n\u015faat Sekt\u00f6r\u00fcnde Fark Yaratmak: ASM Tanr\u0131verdi&#8217;nin Ba\u015far\u0131 Hikayesi ASM Tanr\u0131verdi: \u0130n\u015faat Sekt\u00f6r\u00fcnde Kalite ve G\u00fcvenin Adresi In\u015faat Sekt\u00f6r\u00fcnde Yenilik\u00e7i Bir Yakla\u015f\u0131m: ASM Tanr\u0131verdi ile Tan\u0131\u015f\u0131n<\/p>\n","protected":false},"author":1,"featured_media":0,"parent":0,"menu_order":0,"comment_status":"closed","ping_status":"closed","template":"full-width.php","meta":{"footnotes":""},"class_list":["post-105","page","type-page","status-publish","hentry"],"acf":[],"yoast_head":"<!-- This site is optimized with the Yoast SEO plugin v21.7 - https:\/\/yoast.com\/wordpress\/plugins\/seo\/ -->\n<title>Blog<\/title>\n<meta name=\"robots\" content=\"index, follow, max-snippet:-1, max-image-preview:large, max-video-preview:-1\" \/>\n<link rel=\"canonical\" href=\"https:\/\/asmtanriverdi.com\/index.php\/blog\/\" \/>\n<meta property=\"og:locale\" content=\"tr_TR\" \/>\n<meta property=\"og:type\" content=\"article\" \/>\n<meta property=\"og:title\" content=\"Blog\" \/>\n<meta property=\"og:description\" content=\"Blog Sizin \u0130\u00e7in Haz\u0131rlad\u0131klar\u0131m\u0131z.. ASM Tanr\u0131verdi: \u0130n\u015faat Sekt\u00f6r\u00fcnde Estetik ve Kalitenin Mimar\u0131 ASM Tanr\u0131verdi: \u0130n\u015faat Sekt\u00f6r\u00fcnde G\u00fcven ve M\u00fckemmeliyetin \u0130smi ASM Tanr\u0131verdi: \u0130n\u015faat Sekt\u00f6r\u00fcnde Kalitenin ve Yenili\u011fin Adresi \u0130n\u015faat Sekt\u00f6r\u00fcnde Fark Yaratmak: ASM Tanr\u0131verdi&#8217;nin Ba\u015far\u0131 Hikayesi ASM Tanr\u0131verdi: \u0130n\u015faat Sekt\u00f6r\u00fcnde Kalite ve G\u00fcvenin Adresi In\u015faat Sekt\u00f6r\u00fcnde Yenilik\u00e7i Bir Yakla\u015f\u0131m: ASM Tanr\u0131verdi ile Tan\u0131\u015f\u0131n\" \/>\n<meta property=\"og:url\" content=\"https:\/\/asmtanriverdi.com\/index.php\/blog\/\" \/>\n<meta property=\"og:site_name\" content=\"ASM Tanr\u0131verdi\" \/>\n<meta property=\"article:modified_time\" content=\"2023-12-25T19:31:53+00:00\" \/>\n<meta property=\"og:image\" content=\"https:\/\/asmtanriverdi.com\/wp-content\/uploads\/2023\/12\/6.png\" \/>\n<meta name=\"twitter:card\" content=\"summary_large_image\" \/>\n<meta name=\"twitter:label1\" content=\"Tahmini okuma s\u00fcresi\" \/>\n\t<meta name=\"twitter:data1\" content=\"4 dakika\" \/>\n<script type=\"application\/ld+json\" class=\"yoast-schema-graph\">{\"@context\":\"https:\/\/schema.org\",\"@graph\":[{\"@type\":\"WebPage\",\"@id\":\"https:\/\/asmtanriverdi.com\/index.php\/blog\/\",\"url\":\"https:\/\/asmtanriverdi.com\/index.php\/blog\/\",\"name\":\"Blog\",\"isPartOf\":{\"@id\":\"https:\/\/asmtanriverdi.com\/#website\"},\"datePublished\":\"2020-06-24T07:16:32+00:00\",\"dateModified\":\"2023-12-25T19:31:53+00:00\",\"breadcrumb\":{\"@id\":\"https:\/\/asmtanriverdi.com\/index.php\/blog\/#breadcrumb\"},\"inLanguage\":\"tr\",\"potentialAction\":[{\"@type\":\"ReadAction\",\"target\":[\"https:\/\/asmtanriverdi.com\/index.php\/blog\/\"]}]},{\"@type\":\"BreadcrumbList\",\"@id\":\"https:\/\/asmtanriverdi.com\/index.php\/blog\/#breadcrumb\",\"itemListElement\":[{\"@type\":\"ListItem\",\"position\":1,\"name\":\"Anasayfa\",\"item\":\"https:\/\/asmtanriverdi.com\/\"},{\"@type\":\"ListItem\",\"position\":2,\"name\":\"Blog\"}]},{\"@type\":\"WebSite\",\"@id\":\"https:\/\/asmtanriverdi.com\/#website\",\"url\":\"https:\/\/asmtanriverdi.com\/\",\"name\":\"ASM Tanr\u0131verdi\",\"description\":\"Alanya Construction | Real Estate\",\"potentialAction\":[{\"@type\":\"SearchAction\",\"target\":{\"@type\":\"EntryPoint\",\"urlTemplate\":\"https:\/\/asmtanriverdi.com\/?s={search_term_string}\"},\"query-input\":\"required name=search_term_string\"}],\"inLanguage\":\"tr\"}]}<\/script>\n<!-- \/ Yoast SEO plugin. -->","yoast_head_json":{"title":"Blog","robots":{"index":"index","follow":"follow","max-snippet":"max-snippet:-1","max-image-preview":"max-image-preview:large","max-video-preview":"max-video-preview:-1"},"canonical":"https:\/\/asmtanriverdi.com\/index.php\/blog\/","og_locale":"tr_TR","og_type":"article","og_title":"Blog","og_description":"Blog Sizin \u0130\u00e7in Haz\u0131rlad\u0131klar\u0131m\u0131z.. ASM Tanr\u0131verdi: \u0130n\u015faat Sekt\u00f6r\u00fcnde Estetik ve Kalitenin Mimar\u0131 ASM Tanr\u0131verdi: \u0130n\u015faat Sekt\u00f6r\u00fcnde G\u00fcven ve M\u00fckemmeliyetin \u0130smi ASM Tanr\u0131verdi: \u0130n\u015faat Sekt\u00f6r\u00fcnde Kalitenin ve Yenili\u011fin Adresi \u0130n\u015faat Sekt\u00f6r\u00fcnde Fark Yaratmak: ASM Tanr\u0131verdi&#8217;nin Ba\u015far\u0131 Hikayesi ASM Tanr\u0131verdi: \u0130n\u015faat Sekt\u00f6r\u00fcnde Kalite ve G\u00fcvenin Adresi In\u015faat Sekt\u00f6r\u00fcnde Yenilik\u00e7i Bir Yakla\u015f\u0131m: ASM Tanr\u0131verdi ile Tan\u0131\u015f\u0131n","og_url":"https:\/\/asmtanriverdi.com\/index.php\/blog\/","og_site_name":"ASM Tanr\u0131verdi","article_modified_time":"2023-12-25T19:31:53+00:00","og_image":[{"url":"https:\/\/asmtanriverdi.com\/wp-content\/uploads\/2023\/12\/6.png"}],"twitter_card":"summary_large_image","twitter_misc":{"Tahmini okuma s\u00fcresi":"4 dakika"},"schema":{"@context":"https:\/\/schema.org","@graph":[{"@type":"WebPage","@id":"https:\/\/asmtanriverdi.com\/index.php\/blog\/","url":"https:\/\/asmtanriverdi.com\/index.php\/blog\/","name":"Blog","isPartOf":{"@id":"https:\/\/asmtanriverdi.com\/#website"},"datePublished":"2020-06-24T07:16:32+00:00","dateModified":"2023-12-25T19:31:53+00:00","breadcrumb":{"@id":"https:\/\/asmtanriverdi.com\/index.php\/blog\/#breadcrumb"},"inLanguage":"tr","potentialAction":[{"@type":"ReadAction","target":["https:\/\/asmtanriverdi.com\/index.php\/blog\/"]}]},{"@type":"BreadcrumbList","@id":"https:\/\/asmtanriverdi.com\/index.php\/blog\/#breadcrumb","itemListElement":[{"@type":"ListItem","position":1,"name":"Anasayfa","item":"https:\/\/asmtanriverdi.com\/"},{"@type":"ListItem","position":2,"name":"Blog"}]},{"@type":"WebSite","@id":"https:\/\/asmtanriverdi.com\/#website","url":"https:\/\/asmtanriverdi.com\/","name":"ASM Tanr\u0131verdi","description":"Alanya Construction | Real Estate","potentialAction":[{"@type":"SearchAction","target":{"@type":"EntryPoint","urlTemplate":"https:\/\/asmtanriverdi.com\/?s={search_term_string}"},"query-input":"required name=search_term_string"}],"inLanguage":"tr"}]}},"_links":{"self":[{"href":"https:\/\/asmtanriverdi.com\/index.php\/wp-json\/wp\/v2\/pages\/105","targetHints":{"allow":["GET"]}}],"collection":[{"href":"https:\/\/asmtanriverdi.com\/index.php\/wp-json\/wp\/v2\/pages"}],"about":[{"href":"https:\/\/asmtanriverdi.com\/index.php\/wp-json\/wp\/v2\/types\/page"}],"author":[{"embeddable":true,"href":"https:\/\/asmtanriverdi.com\/index.php\/wp-json\/wp\/v2\/users\/1"}],"replies":[{"embeddable":true,"href":"https:\/\/asmtanriverdi.com\/index.php\/wp-json\/wp\/v2\/comments?post=105"}],"version-history":[{"count":4,"href":"https:\/\/asmtanriverdi.com\/index.php\/wp-json\/wp\/v2\/pages\/105\/revisions"}],"predecessor-version":[{"id":464,"href":"https:\/\/asmtanriverdi.com\/index.php\/wp-json\/wp\/v2\/pages\/105\/revisions\/464"}],"wp:attachment":[{"href":"https:\/\/asmtanriverdi.com\/index.php\/wp-json\/wp\/v2\/media?parent=105"}],"curies":[{"name":"wp","href":"https:\/\/api.w.org\/{rel}","templated":true}]}}